{"id":128958,"date":"2025-05-21T15:18:40","date_gmt":"2025-05-21T13:18:40","guid":{"rendered":"https:\/\/www.corimac.it\/prodotto\/negri-bossi-canbio-2500-h-1600-m128-ce\/"},"modified":"2026-01-01T12:58:53","modified_gmt":"2026-01-01T11:58:53","slug":"negri-bossi-canbio-2500-h-1600-m128-ce","status":"publish","type":"product","link":"https:\/\/www.corimac.it\/en\/prodotto\/negri-bossi-canbio-2500-h-1600-m128-ce\/","title":{"rendered":"NEGRI BOSSI CANBIO 2500 H 1600 -M128  -CE-"},"content":{"rendered":"","protected":false},"excerpt":{"rendered":"<p>Forza Chiusura:        2500 Kn (250 ton) <\/p>\n<p>Corsa Massima Piano Mobile:           550 mm <\/p>\n<p>Dimensioni Esterne Piani H-V:           900&#215;790 mm <\/p>\n<p>Dimensioni tra le Colonne:            630&#215;530 mm <\/p>\n<p>Luce Max tra i Piani:               1300 mm <\/p>\n<p>Spessore Min\/Max Stampo:             300\/750 mm <\/p>\n<p>Corsa Estrazione Max:              220 mm <\/p>\n<p>Forza Estrazione:                    45 Kn <\/p>\n<p>Potenza Max Istallata:                  56 Kw <\/p>\n<p>Cilindro :               H 1600 <\/p>\n<p>Diametro Vite:               60 mm <\/p>\n<p>Capacit\u00e0 di Iniezione:               880 cm3 <\/p>\n<p>Pressione sul Materiale:                   1840 Bar <\/p>\n<p>Capacit\u00e0 di Iniezione Polistirolo:                 800g <\/p>\n<p>Capacit\u00e0 di Iniezione Polipropilene:              690 g <\/p>\n<p>Capacit\u00e0 di Plastificazione per Secondo:            57 g\/s <\/p>\n<p>Velocit\u00e0 di Rotazione Vite:                250 rpm <\/p>\n<p>Motore Trafila:               IDRAULICO <\/p>\n<p>Accessori:            Interfaccia Robot- 2 Martinetti olio-3 soffi- <\/p>\n<p>Peso Macchina:                  KG. 9.660<\/p>\n<p>Dimensioni:        7.050 x 1.640 x 2.215<\/p>\n<p>Stato : visionabile allacciata in lavorazione<\/p>\n","protected":false},"featured_media":157951,"template":"","meta":{"_acf_changed":false},"product_brand":[],"product_cat":[133,134,118],"product_tag":[],"class_list":{"0":"post-128958","1":"product","2":"type-product","3":"status-publish","4":"has-post-thumbnail","6":"product_cat-plastica-presse-iniezione","7":"product_cat-plastica-presse-iniezione-201-500-ton","8":"product_cat-plastica","10":"first","11":"outofstock","12":"shipping-taxable","13":"product-type-simple"},"acf":[],"yoast_head":"<!-- This site is optimized with the Yoast SEO plugin v24.2 - https:\/\/yoast.com\/wordpress\/plugins\/seo\/ -->\n<title>NEGRI BOSSI CANBIO 2500 H 1600 -M128 -CE- Corimac Group<\/title>\n<meta name=\"robots\" content=\"index, follow, max-snippet:-1, max-image-preview:large, max-video-preview:-1\" \/>\n<link rel=\"canonical\" href=\"https:\/\/www.corimac.it\/en\/prodotto\/negri-bossi-canbio-2500-h-1600-m128-ce\/\" \/>\n<meta property=\"og:locale\" content=\"en_US\" \/>\n<meta property=\"og:type\" content=\"article\" \/>\n<meta property=\"og:title\" content=\"NEGRI BOSSI CANBIO 2500 H 1600 -M128 -CE- Corimac Group\" \/>\n<meta property=\"og:description\" content=\"Forza Chiusura:    2500 Kn (250 ton)   Corsa Massima Piano Mobile:      550 mm   Dimensioni Esterne Piani H-V:      900x790 mm   Dimensioni tra le Colonne:      630x530 mm   Luce Max tra i Piani:        1300 mm   Spessore Min\/Max Stampo:       300\/750 mm   Corsa Estrazione Max:       220 mm    Forza Estrazione:          45 Kn   Potenza Max Istallata:         56 Kw   Cilindro :        H 1600   Diametro Vite:        60 mm   Capacit\u00e0 di Iniezione:        880 cm3   Pressione sul Materiale:          1840 Bar   Capacit\u00e0 di Iniezione Polistirolo:         800g   Capacit\u00e0 di Iniezione Polipropilene:       690 g   Capacit\u00e0 di Plastificazione per Secondo:      57 g\/s   Velocit\u00e0 di Rotazione Vite:        250 rpm   Motore Trafila:        IDRAULICO   Accessori:      Interfaccia Robot- 2 Martinetti olio-3 soffi-   Peso Macchina:         KG. 9.660  Dimensioni:    7.050 x 1.640 x 2.215  Stato : visionabile allacciata in lavorazione\" \/>\n<meta property=\"og:url\" content=\"https:\/\/www.corimac.it\/en\/prodotto\/negri-bossi-canbio-2500-h-1600-m128-ce\/\" \/>\n<meta property=\"og:site_name\" content=\"Corimac Group\" \/>\n<meta property=\"article:modified_time\" content=\"2026-01-01T11:58:53+00:00\" \/>\n<meta name=\"twitter:card\" content=\"summary_large_image\" \/>\n<script type=\"application\/ld+json\" class=\"yoast-schema-graph\">{\"@context\":\"https:\/\/schema.org\",\"@graph\":[{\"@type\":\"WebPage\",\"@id\":\"https:\/\/www.corimac.it\/en\/prodotto\/negri-bossi-canbio-2500-h-1600-m128-ce\/\",\"url\":\"https:\/\/www.corimac.it\/en\/prodotto\/negri-bossi-canbio-2500-h-1600-m128-ce\/\",\"name\":\"NEGRI BOSSI CANBIO 2500 H 1600 -M128 -CE- Corimac Group\",\"isPartOf\":{\"@id\":\"https:\/\/www.corimac.it\/en\/#website\"},\"primaryImageOfPage\":{\"@id\":\"https:\/\/www.corimac.it\/en\/prodotto\/negri-bossi-canbio-2500-h-1600-m128-ce\/#primaryimage\"},\"image\":{\"@id\":\"https:\/\/www.corimac.it\/en\/prodotto\/negri-bossi-canbio-2500-h-1600-m128-ce\/#primaryimage\"},\"thumbnailUrl\":\"https:\/\/www.corimac.it\/wp-content\/uploads\/2026\/01\/AA24-69495.jpg\",\"datePublished\":\"2025-05-21T13:18:40+00:00\",\"dateModified\":\"2026-01-01T11:58:53+00:00\",\"breadcrumb\":{\"@id\":\"https:\/\/www.corimac.it\/en\/prodotto\/negri-bossi-canbio-2500-h-1600-m128-ce\/#breadcrumb\"},\"inLanguage\":\"en-US\",\"potentialAction\":[{\"@type\":\"ReadAction\",\"target\":[\"https:\/\/www.corimac.it\/en\/prodotto\/negri-bossi-canbio-2500-h-1600-m128-ce\/\"]}]},{\"@type\":\"ImageObject\",\"inLanguage\":\"en-US\",\"@id\":\"https:\/\/www.corimac.it\/en\/prodotto\/negri-bossi-canbio-2500-h-1600-m128-ce\/#primaryimage\",\"url\":\"https:\/\/www.corimac.it\/wp-content\/uploads\/2026\/01\/AA24-69495.jpg\",\"contentUrl\":\"https:\/\/www.corimac.it\/wp-content\/uploads\/2026\/01\/AA24-69495.jpg\",\"width\":1094,\"height\":1203},{\"@type\":\"BreadcrumbList\",\"@id\":\"https:\/\/www.corimac.it\/en\/prodotto\/negri-bossi-canbio-2500-h-1600-m128-ce\/#breadcrumb\",\"itemListElement\":[{\"@type\":\"ListItem\",\"position\":1,\"name\":\"Home\",\"item\":\"https:\/\/www.corimac.it\/en\/\"},{\"@type\":\"ListItem\",\"position\":2,\"name\":\"Shop\",\"item\":\"https:\/\/www.corimac.it\/en\/shop\/\"},{\"@type\":\"ListItem\",\"position\":3,\"name\":\"NEGRI BOSSI CANBIO 2500 H 1600 -M128 -CE-\"}]},{\"@type\":\"WebSite\",\"@id\":\"https:\/\/www.corimac.it\/en\/#website\",\"url\":\"https:\/\/www.corimac.it\/en\/\",\"name\":\"Corimac Group\",\"description\":\"Set the asset up!\",\"publisher\":{\"@id\":\"https:\/\/www.corimac.it\/en\/#organization\"},\"potentialAction\":[{\"@type\":\"SearchAction\",\"target\":{\"@type\":\"EntryPoint\",\"urlTemplate\":\"https:\/\/www.corimac.it\/en\/?s={search_term_string}\"},\"query-input\":{\"@type\":\"PropertyValueSpecification\",\"valueRequired\":true,\"valueName\":\"search_term_string\"}}],\"inLanguage\":\"en-US\"},{\"@type\":\"Organization\",\"@id\":\"https:\/\/www.corimac.it\/en\/#organization\",\"name\":\"Corimac Group\",\"url\":\"https:\/\/www.corimac.it\/en\/\",\"logo\":{\"@type\":\"ImageObject\",\"inLanguage\":\"en-US\",\"@id\":\"https:\/\/www.corimac.it\/en\/#\/schema\/logo\/image\/\",\"url\":\"https:\/\/www.corimac.it\/wp-content\/uploads\/2024\/03\/corimactrade_remarketing.png\",\"contentUrl\":\"https:\/\/www.corimac.it\/wp-content\/uploads\/2024\/03\/corimactrade_remarketing.png\",\"width\":460,\"height\":80,\"caption\":\"Corimac Group\"},\"image\":{\"@id\":\"https:\/\/www.corimac.it\/en\/#\/schema\/logo\/image\/\"}}]}<\/script>\n<!-- \/ Yoast SEO plugin. -->","yoast_head_json":{"title":"NEGRI BOSSI CANBIO 2500 H 1600 -M128 -CE- Corimac Group","robots":{"index":"index","follow":"follow","max-snippet":"max-snippet:-1","max-image-preview":"max-image-preview:large","max-video-preview":"max-video-preview:-1"},"canonical":"https:\/\/www.corimac.it\/en\/prodotto\/negri-bossi-canbio-2500-h-1600-m128-ce\/","og_locale":"en_US","og_type":"article","og_title":"NEGRI BOSSI CANBIO 2500 H 1600 -M128 -CE- Corimac Group","og_description":"Forza Chiusura:    2500 Kn (250 ton)   Corsa Massima Piano Mobile:      550 mm   Dimensioni Esterne Piani H-V:      900x790 mm   Dimensioni tra le Colonne:      630x530 mm   Luce Max tra i Piani:        1300 mm   Spessore Min\/Max Stampo:       300\/750 mm   Corsa Estrazione Max:       220 mm    Forza Estrazione:          45 Kn   Potenza Max Istallata:         56 Kw   Cilindro :        H 1600   Diametro Vite:        60 mm   Capacit\u00e0 di Iniezione:        880 cm3   Pressione sul Materiale:          1840 Bar   Capacit\u00e0 di Iniezione Polistirolo:         800g   Capacit\u00e0 di Iniezione Polipropilene:       690 g   Capacit\u00e0 di Plastificazione per Secondo:      57 g\/s   Velocit\u00e0 di Rotazione Vite:        250 rpm   Motore Trafila:        IDRAULICO   Accessori:      Interfaccia Robot- 2 Martinetti olio-3 soffi-   Peso Macchina:         KG. 9.660  Dimensioni:    7.050 x 1.640 x 2.215  Stato : visionabile allacciata in lavorazione","og_url":"https:\/\/www.corimac.it\/en\/prodotto\/negri-bossi-canbio-2500-h-1600-m128-ce\/","og_site_name":"Corimac Group","article_modified_time":"2026-01-01T11:58:53+00:00","twitter_card":"summary_large_image","schema":{"@context":"https:\/\/schema.org","@graph":[{"@type":"WebPage","@id":"https:\/\/www.corimac.it\/en\/prodotto\/negri-bossi-canbio-2500-h-1600-m128-ce\/","url":"https:\/\/www.corimac.it\/en\/prodotto\/negri-bossi-canbio-2500-h-1600-m128-ce\/","name":"NEGRI BOSSI CANBIO 2500 H 1600 -M128 -CE- Corimac Group","isPartOf":{"@id":"https:\/\/www.corimac.it\/en\/#website"},"primaryImageOfPage":{"@id":"https:\/\/www.corimac.it\/en\/prodotto\/negri-bossi-canbio-2500-h-1600-m128-ce\/#primaryimage"},"image":{"@id":"https:\/\/www.corimac.it\/en\/prodotto\/negri-bossi-canbio-2500-h-1600-m128-ce\/#primaryimage"},"thumbnailUrl":"https:\/\/www.corimac.it\/wp-content\/uploads\/2026\/01\/AA24-69495.jpg","datePublished":"2025-05-21T13:18:40+00:00","dateModified":"2026-01-01T11:58:53+00:00","breadcrumb":{"@id":"https:\/\/www.corimac.it\/en\/prodotto\/negri-bossi-canbio-2500-h-1600-m128-ce\/#breadcrumb"},"inLanguage":"en-US","potentialAction":[{"@type":"ReadAction","target":["https:\/\/www.corimac.it\/en\/prodotto\/negri-bossi-canbio-2500-h-1600-m128-ce\/"]}]},{"@type":"ImageObject","inLanguage":"en-US","@id":"https:\/\/www.corimac.it\/en\/prodotto\/negri-bossi-canbio-2500-h-1600-m128-ce\/#primaryimage","url":"https:\/\/www.corimac.it\/wp-content\/uploads\/2026\/01\/AA24-69495.jpg","contentUrl":"https:\/\/www.corimac.it\/wp-content\/uploads\/2026\/01\/AA24-69495.jpg","width":1094,"height":1203},{"@type":"BreadcrumbList","@id":"https:\/\/www.corimac.it\/en\/prodotto\/negri-bossi-canbio-2500-h-1600-m128-ce\/#breadcrumb","itemListElement":[{"@type":"ListItem","position":1,"name":"Home","item":"https:\/\/www.corimac.it\/en\/"},{"@type":"ListItem","position":2,"name":"Shop","item":"https:\/\/www.corimac.it\/en\/shop\/"},{"@type":"ListItem","position":3,"name":"NEGRI BOSSI CANBIO 2500 H 1600 -M128 -CE-"}]},{"@type":"WebSite","@id":"https:\/\/www.corimac.it\/en\/#website","url":"https:\/\/www.corimac.it\/en\/","name":"Corimac Group","description":"Set the asset up!","publisher":{"@id":"https:\/\/www.corimac.it\/en\/#organization"},"potentialAction":[{"@type":"SearchAction","target":{"@type":"EntryPoint","urlTemplate":"https:\/\/www.corimac.it\/en\/?s={search_term_string}"},"query-input":{"@type":"PropertyValueSpecification","valueRequired":true,"valueName":"search_term_string"}}],"inLanguage":"en-US"},{"@type":"Organization","@id":"https:\/\/www.corimac.it\/en\/#organization","name":"Corimac Group","url":"https:\/\/www.corimac.it\/en\/","logo":{"@type":"ImageObject","inLanguage":"en-US","@id":"https:\/\/www.corimac.it\/en\/#\/schema\/logo\/image\/","url":"https:\/\/www.corimac.it\/wp-content\/uploads\/2024\/03\/corimactrade_remarketing.png","contentUrl":"https:\/\/www.corimac.it\/wp-content\/uploads\/2024\/03\/corimactrade_remarketing.png","width":460,"height":80,"caption":"Corimac Group"},"image":{"@id":"https:\/\/www.corimac.it\/en\/#\/schema\/logo\/image\/"}}]}},"_links":{"self":[{"href":"https:\/\/www.corimac.it\/en\/wp-json\/wp\/v2\/product\/128958","targetHints":{"allow":["GET"]}}],"collection":[{"href":"https:\/\/www.corimac.it\/en\/wp-json\/wp\/v2\/product"}],"about":[{"href":"https:\/\/www.corimac.it\/en\/wp-json\/wp\/v2\/types\/product"}],"wp:featuredmedia":[{"embeddable":true,"href":"https:\/\/www.corimac.it\/en\/wp-json\/wp\/v2\/media\/157951"}],"wp:attachment":[{"href":"https:\/\/www.corimac.it\/en\/wp-json\/wp\/v2\/media?parent=128958"}],"wp:term":[{"taxonomy":"product_brand","embeddable":true,"href":"https:\/\/www.corimac.it\/en\/wp-json\/wp\/v2\/product_brand?post=128958"},{"taxonomy":"product_cat","embeddable":true,"href":"https:\/\/www.corimac.it\/en\/wp-json\/wp\/v2\/product_cat?post=128958"},{"taxonomy":"product_tag","embeddable":true,"href":"https:\/\/www.corimac.it\/en\/wp-json\/wp\/v2\/product_tag?post=128958"}],"curies":[{"name":"wp","href":"https:\/\/api.w.org\/{rel}","templated":true}]}}