{"id":71547,"date":"2024-12-02T08:49:23","date_gmt":"2024-12-02T07:49:23","guid":{"rendered":"https:\/\/www.corimac.it\/prodotto\/schleuniger-jacketstrip-8400-sguaina-cavi-da-banco\/"},"modified":"2026-01-01T13:12:37","modified_gmt":"2026-01-01T12:12:37","slug":"schleuniger-jacketstrip-8400-sguaina-cavi-da-banco","status":"publish","type":"product","link":"https:\/\/www.corimac.it\/en\/prodotto\/schleuniger-jacketstrip-8400-sguaina-cavi-da-banco\/","title":{"rendered":"SCHLEUNIGER JACKETSTRIP 8400 -SGUAINA CAVI DA BANCO"},"content":{"rendered":"<p>Schleunigher JS 8400 Sguaina Cavi Da Banco <\/p>\n<p>JacketStrip 8400 schleuniger-na.com To Be Precise. Technical Specifications subject to change \u00a9 Schleuniger, Inc., USA \/ JS_8400_DS_EN_US_V3 Technical Specifications Cable diameter Min. 2 mm (0.08&#8243;) (inner conductor \u00d8) Max. 26 mm (1.00&#8243;) (outer \u00d8) Accuracy of diameter adjustment 0.1 mm &#8211; 0.25 mm (0.004 &#8211; 0.01&#8243;) (dependent on \u00d8) Stripping length Adjustable from 7 &#8211; 200 mm (0.27 &#8211; 7.87&#8243;) Full or partial pull-off Optional 200 &#8211; 400 mm (7.87 &#8211; 15.74&#8243;) Pull-off length Adjustable from 20 &#8211; 190 mm (0.78&#8243; &#8211; 7.5&#8243;) Accuracy of length adjustment 1 mm (0.1&#8243;) (with scale) Jacket thickness Up to a max. of 6 mm (0.234&#8243;) Cycle time At least 3 sec. (dependent on incision time and stripping) Stripping rate Infinitely adjustable up to max. 30 cm\/s (1.2&#8243;\/s) Blades 4 universal blades Processable insulation materials PVC, PUR, rubber, Teflon\u00ae, Tefzel\u00ae, Kapton, etc. Interfaces Foot pedal Options Cable guides, foot pedal Air pressure 6 bar (90 psi) Power supply 100\/115 VAC, 230\/240 VAC, 300 VA \/ 50\/60 Hz Noise level &lt; 70 dB (A) Dimension (L x W x H) 690 x 370 x 330 mm (27.2 x 14.6 x 13.0&quot;) Weight Net: 48 kg (106 Ibs.) Gross: 56 kg (124 Ibs.) CE &#8211; conformity The JacketStrip 8400 fully complies with all CE and EMC equipment guidelines relative to mechanical and electrical safety and electromagnetic compatibility. Important note Schleuniger recommends that wire samples be submitted in cases where there is doubt as to the processing capabilities of a particular machine. Application Range \/ Function The JacketStrip 8400 stripping machine can strip the jackets of round wires and cables up to 26 mm (1.0&quot;) in diameter with a stripping length up to 200 mm (7.87&quot;). The solid, powerful machine processes thick, tough, soft and thin insulation materials. Simple operation, short cycle times and a universal blade design guarantee a good return on investment. The rotating 4-blade system centers the cable and creates precise incisions into the cable jacket. After the cable jacket has been cut, it is removed using a strong electric motor (full\/partial or window strip can be selected). Pneumatically operated clamping jaws guarantee optimal cable retention during the stripping process. Waste insulation material is automatically ejected.<\/p>\n<p>MACCHINA PERFETTAMENTE FUNZIONANTE COMPLETA DI KIT GUIDACAVI PIU PEDALE<\/p>\n","protected":false},"excerpt":{"rendered":"<p>Schleunigher JS 8400 Sguaina Cavi Da Banco JacketStrip 8400 schleuniger-na.com To Be Precise. Technical Specifications subject to change \u00a9 Schleuniger, Inc., USA \/ JS_8400_DS_EN_US_V3 Technical Specifications Cable diameter Min. 2&#8230;<\/p>\n","protected":false},"featured_media":158693,"template":"","meta":{"_acf_changed":false},"product_brand":[],"product_cat":[661,663,499,574],"product_tag":[],"class_list":{"0":"post-71547","1":"product","2":"type-product","3":"status-publish","4":"has-post-thumbnail","6":"product_cat-stock-and-miscellaneous-wiring-machines-cabling","7":"product_cat-machine-tools-cabling-machines","8":"product_cat-machine-tools","9":"product_cat-stock-e-miscellaneous","11":"first","12":"outofstock","13":"shipping-taxable","14":"product-type-simple"},"acf":[],"yoast_head":"<!-- This site is optimized with the Yoast SEO plugin v24.2 - https:\/\/yoast.com\/wordpress\/plugins\/seo\/ -->\n<title>SCHLEUNIGER JACKETSTRIP 8400 -SGUAINA CAVI DA BANCO - Corimac Group<\/title>\n<meta name=\"robots\" content=\"index, follow, max-snippet:-1, max-image-preview:large, max-video-preview:-1\" \/>\n<link rel=\"canonical\" href=\"https:\/\/www.corimac.it\/en\/prodotto\/schleuniger-jacketstrip-8400-sguaina-cavi-da-banco\/\" \/>\n<meta property=\"og:locale\" content=\"en_US\" \/>\n<meta property=\"og:type\" content=\"article\" \/>\n<meta property=\"og:title\" content=\"SCHLEUNIGER JACKETSTRIP 8400 -SGUAINA CAVI DA BANCO - Corimac Group\" \/>\n<meta property=\"og:description\" content=\"Schleunigher JS 8400 Sguaina Cavi Da Banco JacketStrip 8400 schleuniger-na.com To Be Precise. Technical Specifications subject to change \u00a9 Schleuniger, Inc., USA \/ JS_8400_DS_EN_US_V3 Technical Specifications Cable diameter Min. 2...\" \/>\n<meta property=\"og:url\" content=\"https:\/\/www.corimac.it\/en\/prodotto\/schleuniger-jacketstrip-8400-sguaina-cavi-da-banco\/\" \/>\n<meta property=\"og:site_name\" content=\"Corimac Group\" \/>\n<meta property=\"article:modified_time\" content=\"2026-01-01T12:12:37+00:00\" \/>\n<meta property=\"og:image\" content=\"https:\/\/www.corimac.it\/wp-content\/uploads\/2025\/10\/AA24-69543.jpg\" \/>\n\t<meta property=\"og:image:width\" content=\"900\" \/>\n\t<meta property=\"og:image:height\" content=\"1600\" \/>\n\t<meta property=\"og:image:type\" content=\"image\/jpeg\" \/>\n<meta name=\"twitter:card\" content=\"summary_large_image\" \/>\n<meta name=\"twitter:label1\" content=\"Est. reading time\" \/>\n\t<meta name=\"twitter:data1\" content=\"2 minutes\" \/>\n<script type=\"application\/ld+json\" class=\"yoast-schema-graph\">{\"@context\":\"https:\/\/schema.org\",\"@graph\":[{\"@type\":\"WebPage\",\"@id\":\"https:\/\/www.corimac.it\/en\/prodotto\/schleuniger-jacketstrip-8400-sguaina-cavi-da-banco\/\",\"url\":\"https:\/\/www.corimac.it\/en\/prodotto\/schleuniger-jacketstrip-8400-sguaina-cavi-da-banco\/\",\"name\":\"SCHLEUNIGER JACKETSTRIP 8400 -SGUAINA CAVI DA BANCO - Corimac Group\",\"isPartOf\":{\"@id\":\"https:\/\/www.corimac.it\/en\/#website\"},\"primaryImageOfPage\":{\"@id\":\"https:\/\/www.corimac.it\/en\/prodotto\/schleuniger-jacketstrip-8400-sguaina-cavi-da-banco\/#primaryimage\"},\"image\":{\"@id\":\"https:\/\/www.corimac.it\/en\/prodotto\/schleuniger-jacketstrip-8400-sguaina-cavi-da-banco\/#primaryimage\"},\"thumbnailUrl\":\"https:\/\/www.corimac.it\/wp-content\/uploads\/2026\/01\/AA24-69543.jpg\",\"datePublished\":\"2024-12-02T07:49:23+00:00\",\"dateModified\":\"2026-01-01T12:12:37+00:00\",\"breadcrumb\":{\"@id\":\"https:\/\/www.corimac.it\/en\/prodotto\/schleuniger-jacketstrip-8400-sguaina-cavi-da-banco\/#breadcrumb\"},\"inLanguage\":\"en-US\",\"potentialAction\":[{\"@type\":\"ReadAction\",\"target\":[\"https:\/\/www.corimac.it\/en\/prodotto\/schleuniger-jacketstrip-8400-sguaina-cavi-da-banco\/\"]}]},{\"@type\":\"ImageObject\",\"inLanguage\":\"en-US\",\"@id\":\"https:\/\/www.corimac.it\/en\/prodotto\/schleuniger-jacketstrip-8400-sguaina-cavi-da-banco\/#primaryimage\",\"url\":\"https:\/\/www.corimac.it\/wp-content\/uploads\/2026\/01\/AA24-69543.jpg\",\"contentUrl\":\"https:\/\/www.corimac.it\/wp-content\/uploads\/2026\/01\/AA24-69543.jpg\",\"width\":900,\"height\":1600},{\"@type\":\"BreadcrumbList\",\"@id\":\"https:\/\/www.corimac.it\/en\/prodotto\/schleuniger-jacketstrip-8400-sguaina-cavi-da-banco\/#breadcrumb\",\"itemListElement\":[{\"@type\":\"ListItem\",\"position\":1,\"name\":\"Home\",\"item\":\"https:\/\/www.corimac.it\/en\/\"},{\"@type\":\"ListItem\",\"position\":2,\"name\":\"Shop\",\"item\":\"https:\/\/www.corimac.it\/en\/shop\/\"},{\"@type\":\"ListItem\",\"position\":3,\"name\":\"SCHLEUNIGER JACKETSTRIP 8400 -SGUAINA CAVI DA BANCO\"}]},{\"@type\":\"WebSite\",\"@id\":\"https:\/\/www.corimac.it\/en\/#website\",\"url\":\"https:\/\/www.corimac.it\/en\/\",\"name\":\"Corimac Group\",\"description\":\"Set the asset up!\",\"publisher\":{\"@id\":\"https:\/\/www.corimac.it\/en\/#organization\"},\"potentialAction\":[{\"@type\":\"SearchAction\",\"target\":{\"@type\":\"EntryPoint\",\"urlTemplate\":\"https:\/\/www.corimac.it\/en\/?s={search_term_string}\"},\"query-input\":{\"@type\":\"PropertyValueSpecification\",\"valueRequired\":true,\"valueName\":\"search_term_string\"}}],\"inLanguage\":\"en-US\"},{\"@type\":\"Organization\",\"@id\":\"https:\/\/www.corimac.it\/en\/#organization\",\"name\":\"Corimac Group\",\"url\":\"https:\/\/www.corimac.it\/en\/\",\"logo\":{\"@type\":\"ImageObject\",\"inLanguage\":\"en-US\",\"@id\":\"https:\/\/www.corimac.it\/en\/#\/schema\/logo\/image\/\",\"url\":\"https:\/\/www.corimac.it\/wp-content\/uploads\/2024\/03\/corimactrade_remarketing.png\",\"contentUrl\":\"https:\/\/www.corimac.it\/wp-content\/uploads\/2024\/03\/corimactrade_remarketing.png\",\"width\":460,\"height\":80,\"caption\":\"Corimac Group\"},\"image\":{\"@id\":\"https:\/\/www.corimac.it\/en\/#\/schema\/logo\/image\/\"}}]}<\/script>\n<!-- \/ Yoast SEO plugin. -->","yoast_head_json":{"title":"SCHLEUNIGER JACKETSTRIP 8400 -SGUAINA CAVI DA BANCO - Corimac Group","robots":{"index":"index","follow":"follow","max-snippet":"max-snippet:-1","max-image-preview":"max-image-preview:large","max-video-preview":"max-video-preview:-1"},"canonical":"https:\/\/www.corimac.it\/en\/prodotto\/schleuniger-jacketstrip-8400-sguaina-cavi-da-banco\/","og_locale":"en_US","og_type":"article","og_title":"SCHLEUNIGER JACKETSTRIP 8400 -SGUAINA CAVI DA BANCO - Corimac Group","og_description":"Schleunigher JS 8400 Sguaina Cavi Da Banco JacketStrip 8400 schleuniger-na.com To Be Precise. Technical Specifications subject to change \u00a9 Schleuniger, Inc., USA \/ JS_8400_DS_EN_US_V3 Technical Specifications Cable diameter Min. 2...","og_url":"https:\/\/www.corimac.it\/en\/prodotto\/schleuniger-jacketstrip-8400-sguaina-cavi-da-banco\/","og_site_name":"Corimac Group","article_modified_time":"2026-01-01T12:12:37+00:00","og_image":[{"width":900,"height":1600,"url":"https:\/\/www.corimac.it\/wp-content\/uploads\/2025\/10\/AA24-69543.jpg","type":"image\/jpeg"}],"twitter_card":"summary_large_image","twitter_misc":{"Est. reading time":"2 minutes"},"schema":{"@context":"https:\/\/schema.org","@graph":[{"@type":"WebPage","@id":"https:\/\/www.corimac.it\/en\/prodotto\/schleuniger-jacketstrip-8400-sguaina-cavi-da-banco\/","url":"https:\/\/www.corimac.it\/en\/prodotto\/schleuniger-jacketstrip-8400-sguaina-cavi-da-banco\/","name":"SCHLEUNIGER JACKETSTRIP 8400 -SGUAINA CAVI DA BANCO - Corimac Group","isPartOf":{"@id":"https:\/\/www.corimac.it\/en\/#website"},"primaryImageOfPage":{"@id":"https:\/\/www.corimac.it\/en\/prodotto\/schleuniger-jacketstrip-8400-sguaina-cavi-da-banco\/#primaryimage"},"image":{"@id":"https:\/\/www.corimac.it\/en\/prodotto\/schleuniger-jacketstrip-8400-sguaina-cavi-da-banco\/#primaryimage"},"thumbnailUrl":"https:\/\/www.corimac.it\/wp-content\/uploads\/2026\/01\/AA24-69543.jpg","datePublished":"2024-12-02T07:49:23+00:00","dateModified":"2026-01-01T12:12:37+00:00","breadcrumb":{"@id":"https:\/\/www.corimac.it\/en\/prodotto\/schleuniger-jacketstrip-8400-sguaina-cavi-da-banco\/#breadcrumb"},"inLanguage":"en-US","potentialAction":[{"@type":"ReadAction","target":["https:\/\/www.corimac.it\/en\/prodotto\/schleuniger-jacketstrip-8400-sguaina-cavi-da-banco\/"]}]},{"@type":"ImageObject","inLanguage":"en-US","@id":"https:\/\/www.corimac.it\/en\/prodotto\/schleuniger-jacketstrip-8400-sguaina-cavi-da-banco\/#primaryimage","url":"https:\/\/www.corimac.it\/wp-content\/uploads\/2026\/01\/AA24-69543.jpg","contentUrl":"https:\/\/www.corimac.it\/wp-content\/uploads\/2026\/01\/AA24-69543.jpg","width":900,"height":1600},{"@type":"BreadcrumbList","@id":"https:\/\/www.corimac.it\/en\/prodotto\/schleuniger-jacketstrip-8400-sguaina-cavi-da-banco\/#breadcrumb","itemListElement":[{"@type":"ListItem","position":1,"name":"Home","item":"https:\/\/www.corimac.it\/en\/"},{"@type":"ListItem","position":2,"name":"Shop","item":"https:\/\/www.corimac.it\/en\/shop\/"},{"@type":"ListItem","position":3,"name":"SCHLEUNIGER JACKETSTRIP 8400 -SGUAINA CAVI DA BANCO"}]},{"@type":"WebSite","@id":"https:\/\/www.corimac.it\/en\/#website","url":"https:\/\/www.corimac.it\/en\/","name":"Corimac Group","description":"Set the asset up!","publisher":{"@id":"https:\/\/www.corimac.it\/en\/#organization"},"potentialAction":[{"@type":"SearchAction","target":{"@type":"EntryPoint","urlTemplate":"https:\/\/www.corimac.it\/en\/?s={search_term_string}"},"query-input":{"@type":"PropertyValueSpecification","valueRequired":true,"valueName":"search_term_string"}}],"inLanguage":"en-US"},{"@type":"Organization","@id":"https:\/\/www.corimac.it\/en\/#organization","name":"Corimac Group","url":"https:\/\/www.corimac.it\/en\/","logo":{"@type":"ImageObject","inLanguage":"en-US","@id":"https:\/\/www.corimac.it\/en\/#\/schema\/logo\/image\/","url":"https:\/\/www.corimac.it\/wp-content\/uploads\/2024\/03\/corimactrade_remarketing.png","contentUrl":"https:\/\/www.corimac.it\/wp-content\/uploads\/2024\/03\/corimactrade_remarketing.png","width":460,"height":80,"caption":"Corimac Group"},"image":{"@id":"https:\/\/www.corimac.it\/en\/#\/schema\/logo\/image\/"}}]}},"_links":{"self":[{"href":"https:\/\/www.corimac.it\/en\/wp-json\/wp\/v2\/product\/71547","targetHints":{"allow":["GET"]}}],"collection":[{"href":"https:\/\/www.corimac.it\/en\/wp-json\/wp\/v2\/product"}],"about":[{"href":"https:\/\/www.corimac.it\/en\/wp-json\/wp\/v2\/types\/product"}],"wp:featuredmedia":[{"embeddable":true,"href":"https:\/\/www.corimac.it\/en\/wp-json\/wp\/v2\/media\/158693"}],"wp:attachment":[{"href":"https:\/\/www.corimac.it\/en\/wp-json\/wp\/v2\/media?parent=71547"}],"wp:term":[{"taxonomy":"product_brand","embeddable":true,"href":"https:\/\/www.corimac.it\/en\/wp-json\/wp\/v2\/product_brand?post=71547"},{"taxonomy":"product_cat","embeddable":true,"href":"https:\/\/www.corimac.it\/en\/wp-json\/wp\/v2\/product_cat?post=71547"},{"taxonomy":"product_tag","embeddable":true,"href":"https:\/\/www.corimac.it\/en\/wp-json\/wp\/v2\/product_tag?post=71547"}],"curies":[{"name":"wp","href":"https:\/\/api.w.org\/{rel}","templated":true}]}}